{"id":149,"date":"2024-11-26T09:49:40","date_gmt":"2024-11-26T07:49:40","guid":{"rendered":"https:\/\/www.avaruustilanne.fi\/?page_id=149"},"modified":"2025-01-13T14:39:56","modified_gmt":"2025-01-13T12:39:56","slug":"tilannetieto","status":"publish","type":"page","link":"https:\/\/www.avaruustilanne.fi\/index.php\/tilannetieto\/","title":{"rendered":"Tilannetieto"},"content":{"rendered":"\n<h2 class=\"wp-block-heading\">Avaruustilannetietoa<\/h2>\n\n\n\n<h3 class=\"wp-block-heading\">Ajankohtaista avaruustilannetietoa<\/h3>\n\n\n\n<p><strong><span style=\"text-decoration: underline;\">Valmistuu keskuksen operatiivisessa vaiheessa vuonna 2026<\/span><\/strong>. <\/p>\n\n\n\n<ul class=\"wp-block-list\">\n<li><a href=\"https:\/\/www.avaruustilanne.fi\/index.php\/tilannetieto\/suomalaiset-satelliitit\/\" data-type=\"page\" data-id=\"162\">Suomalaisten satelliitien rataseuranta<\/a><\/li>\n<\/ul>\n\n\n\n<h3 class=\"wp-block-heading\">Lis\u00e4\u00e4 avaruustilannetietoa muualla verkossa<\/h3>\n\n\n\n<p>Tarjolla olevaa avaruustilannetietoa l\u00f6ytyy oheisten sivujen ja linkkien kautta.<\/p>\n\n\n\n<ul class=\"wp-block-list\">\n<li><a href=\"https:\/\/www.ilmatieteenlaitos.fi\/revontulet-ja-avaruussaa\" target=\"_blank\" rel=\"noreferrer noopener\">Ilmatieteen laitoksen avaruuss\u00e4\u00e4ennuste<\/a> (ulkopuolinen sivusto)<\/li>\n\n\n\n<li><a href=\"https:\/\/gnss-finland.nls.fi\/#\/map\" target=\"_blank\" rel=\"noreferrer noopener\">Maanmittauslaitoksen GNSS-palvelu<\/a> (ulkopuolinen sivusto)<\/li>\n\n\n\n<li><a href=\"https:\/\/tieto.traficom.fi\/fi\/tilastot\/satelliittinavigointipalveluiden-hairiot-suomessa\" target=\"_blank\" rel=\"noreferrer noopener\">Traficom: Satelliittinavigointipalveluiden h\u00e4iri\u00f6t Suomessa<\/a> (ulkopuolinen sivusto)<\/li>\n<\/ul>\n","protected":false},"excerpt":{"rendered":"<p>Avaruustilannetietoa Ajankohtaista avaruustilannetietoa Valmistuu keskuksen operatiivisessa vaiheessa vuonna 2026. Lis\u00e4\u00e4 avaruustilannetietoa muualla verkossa Tarjolla olevaa avaruustilannetietoa l\u00f6ytyy oheisten sivujen ja linkkien kautta.<\/p>\n","protected":false},"author":2,"featured_media":0,"parent":0,"menu_order":0,"comment_status":"closed","ping_status":"closed","template":"","meta":{"footnotes":"","_links_to":"","_links_to_target":""},"class_list":["post-149","page","type-page","status-publish","hentry"],"_links":{"self":[{"href":"https:\/\/www.avaruustilanne.fi\/index.php\/wp-json\/wp\/v2\/pages\/149","targetHints":{"allow":["GET"]}}],"collection":[{"href":"https:\/\/www.avaruustilanne.fi\/index.php\/wp-json\/wp\/v2\/pages"}],"about":[{"href":"https:\/\/www.avaruustilanne.fi\/index.php\/wp-json\/wp\/v2\/types\/page"}],"author":[{"embeddable":true,"href":"https:\/\/www.avaruustilanne.fi\/index.php\/wp-json\/wp\/v2\/users\/2"}],"replies":[{"embeddable":true,"href":"https:\/\/www.avaruustilanne.fi\/index.php\/wp-json\/wp\/v2\/comments?post=149"}],"version-history":[{"count":17,"href":"https:\/\/www.avaruustilanne.fi\/index.php\/wp-json\/wp\/v2\/pages\/149\/revisions"}],"predecessor-version":[{"id":448,"href":"https:\/\/www.avaruustilanne.fi\/index.php\/wp-json\/wp\/v2\/pages\/149\/revisions\/448"}],"wp:attachment":[{"href":"https:\/\/www.avaruustilanne.fi\/index.php\/wp-json\/wp\/v2\/media?parent=149"}],"curies":[{"name":"wp","href":"https:\/\/api.w.org\/{rel}","templated":true}]}}