{"id":162,"date":"2024-11-26T10:39:16","date_gmt":"2024-11-26T08:39:16","guid":{"rendered":"https:\/\/www.avaruustilanne.fi\/?page_id=162"},"modified":"2026-04-28T09:48:25","modified_gmt":"2026-04-28T06:48:25","slug":"suomalaiset-satelliitit","status":"publish","type":"page","link":"https:\/\/www.avaruustilanne.fi\/index.php\/tilannetieto\/suomalaiset-satelliitit\/","title":{"rendered":"Suomalaiset satelliitit"},"content":{"rendered":"\n<h2 class=\"wp-block-heading\">Suomalaiset satelliitit<\/h2>\n\n\n\n<p>T\u00e4ll\u00e4 sivulla on kaikkien Suomeen rekister\u00f6ityjen satelliittien ratakartat. Tuhoutuneet tai muuten k\u00e4yt\u00f6st\u00e4 poistetut (eiv\u00e4t kierr\u00e4 Maata) satelliitit eiv\u00e4t ole seurannassa mukana (esimerkiksi Aalto-1 ja Reaktor Hello World -satelliitit). Listaa p\u00e4ivitet\u00e4\u00e4n tasaisin v\u00e4liajoin, mutta viiveit\u00e4 saattaa esiinty\u00e4. Sivu p\u00e4ivitetty 28.4.2026.<\/p>\n\n\n\n<center><script>\nvar norad_n2yo = '66778|Foresail-1P,60562|HYPERFIELD-1A,64552|HYPERFIELD-1B,43800|ICEYE-X2,44390|ICEYE-X4,44389|ICEYE-X5,46497|ICEYE-X6,46496|ICEYE-X7,48918|ICEYE-X11,55049|ICEYE-X21,56963|ICEYE-X25,58288|ICEYE-X31,58302|ICEYE-X35,59100|ICEYE-X38,60549|ICEYE-X40,60539|ICEYE-X43,63258|ICEYE-X46,62389|ICEYE-X47,62384|ICEYE-X49,63255|ICEYE-X50,64572|ICEYE-X52,64584|ICEYE-X53,64570|ICEYE-X54,64581|ICEYE-X55,64574|ICEYE-X56,66751|ICEYE-X58,66752|ICEYE-X59,66753|ICEYE-X60,66754|ICEYE-X61,66755|ICEYE-X62,67372|ICEYE-X63,67373|ICEYE-X64,68494|ICEYE-X71,68504|ICEYE-X72,43804|SUOMI100';\nvar size_n2yo = 'medium';\nvar allpasses_n2yo = '0';\nvar map_n2yo = '2';\n<\/script>\n<script type=\"text\/javascript\" src=\"https:\/\/www.n2yo.com\/js\/widget-tracker.js\"><\/script><\/center>\n\n\n\n<p>Voit valita seurattavan satelliitin karttakuvan alla olevasta valikosta, joka aukeaa Select-kohdalla olevasta valikosta. Lis\u00e4ksi sivulla n\u00e4ytet\u00e4\u00e4n, jos ko. satelliitti on n\u00e4kyviss\u00e4 Suomessa (tarkemmin sanottuna havaitsijan paikkakunnalla).<\/p>\n\n\n\n<p>Muita suomalaisia kiinnostavia satelliitteja l\u00f6ytyy <a href=\"https:\/\/www.avaruustilanne.fi\/index.php\/tilannetieto\/suomalaiset-satelliitit\/muut-kiinnostavat-satelliitit\/\" data-type=\"page\" data-id=\"722\">t\u00e4m\u00e4n sivun ja linkin takaa<\/a>.<\/p>\n\n\n\n<p>Karttan\u00e4kym\u00e4 ja laskemat perustuvat <a href=\"http:\/\/www.n2yo.com\/\" target=\"_blank\" rel=\"noreferrer noopener\">N2YO.com<\/a> sivuston antamiin tietoihin, laskelmiin ja APIin. Suomalaisten satelliittien tiedot ja p\u00e4ivitykset yll\u00e4pit\u00e4\u00e4 <a href=\"https:\/\/avaruusinsinoori.kassiopeia.net\/\" data-type=\"link\" data-id=\"https:\/\/avaruusinsinoori.kassiopeia.net\/\" target=\"_blank\" rel=\"noreferrer noopener\">Avaruusinsin\u00f6\u00f6ri-blogi<\/a>.<\/p>\n","protected":false},"excerpt":{"rendered":"<p>Suomalaiset satelliitit T\u00e4ll\u00e4 sivulla on kaikkien Suomeen rekister\u00f6ityjen satelliittien ratakartat. Tuhoutuneet tai muuten k\u00e4yt\u00f6st\u00e4 poistetut (eiv\u00e4t kierr\u00e4 Maata) satelliitit eiv\u00e4t ole seurannassa mukana (esimerkiksi Aalto-1 ja Reaktor Hello World -satelliitit). Listaa p\u00e4ivitet\u00e4\u00e4n tasaisin v\u00e4liajoin, mutta viiveit\u00e4 saattaa esiinty\u00e4. Sivu p\u00e4ivitetty 28.4.2026. Voit valita seurattavan satelliitin karttakuvan alla olevasta valikosta, joka aukeaa Select-kohdalla olevasta valikosta. Lis\u00e4ksi [&hellip;]<\/p>\n","protected":false},"author":2,"featured_media":0,"parent":149,"menu_order":4,"comment_status":"closed","ping_status":"closed","template":"","meta":{"footnotes":"","_links_to":"","_links_to_target":""},"class_list":["post-162","page","type-page","status-publish","hentry"],"_links":{"self":[{"href":"https:\/\/www.avaruustilanne.fi\/index.php\/wp-json\/wp\/v2\/pages\/162","targetHints":{"allow":["GET"]}}],"collection":[{"href":"https:\/\/www.avaruustilanne.fi\/index.php\/wp-json\/wp\/v2\/pages"}],"about":[{"href":"https:\/\/www.avaruustilanne.fi\/index.php\/wp-json\/wp\/v2\/types\/page"}],"author":[{"embeddable":true,"href":"https:\/\/www.avaruustilanne.fi\/index.php\/wp-json\/wp\/v2\/users\/2"}],"replies":[{"embeddable":true,"href":"https:\/\/www.avaruustilanne.fi\/index.php\/wp-json\/wp\/v2\/comments?post=162"}],"version-history":[{"count":36,"href":"https:\/\/www.avaruustilanne.fi\/index.php\/wp-json\/wp\/v2\/pages\/162\/revisions"}],"predecessor-version":[{"id":873,"href":"https:\/\/www.avaruustilanne.fi\/index.php\/wp-json\/wp\/v2\/pages\/162\/revisions\/873"}],"up":[{"embeddable":true,"href":"https:\/\/www.avaruustilanne.fi\/index.php\/wp-json\/wp\/v2\/pages\/149"}],"wp:attachment":[{"href":"https:\/\/www.avaruustilanne.fi\/index.php\/wp-json\/wp\/v2\/media?parent=162"}],"curies":[{"name":"wp","href":"https:\/\/api.w.org\/{rel}","templated":true}]}}