{"id":45,"date":"2024-11-25T10:34:47","date_gmt":"2024-11-25T08:34:47","guid":{"rendered":"https:\/\/www.avaruustilanne.fi\/?page_id=45"},"modified":"2024-12-19T08:18:57","modified_gmt":"2024-12-19T06:18:57","slug":"taustaa","status":"publish","type":"page","link":"https:\/\/www.avaruustilanne.fi\/index.php\/taustaa\/","title":{"rendered":"Taustaa"},"content":{"rendered":"\n<h2 class=\"wp-block-heading\">Tilannekeskuksen taustaa<\/h2>\n\n\n\n<p><strong>Yhteiskunnan h\u00e4iri\u00f6t\u00f6n toiminta ja hyvinvointi on enenev\u00e4ss\u00e4 m\u00e4\u00e4rin riippuvaista avaruustoiminnasta ja satelliittiperusteisista palveluista. N\u00e4it\u00e4 ovat esimerkiksi tietoliikenne, aika- ja paikannustieto, s\u00e4\u00e4n ja ymp\u00e4rist\u00f6olosuhteiden seurantaj\u00e4rjestelm\u00e4t sek\u00e4 Puolustusvoimien ja muiden viranomaisten ty\u00f6t\u00e4 tukevat satelliittipalvelut. Avaruustoiminnan turvallisuus- ja puolustuspoliittinen merkitys sek\u00e4 kaupallinen avaruustoiminta kasvavat. Suomi on vastuussa kansallisesta avaruustoiminnastaan.<\/strong><\/p>\n\n\n\n<p>Tilannetietoisuus on edellytys sille, ett\u00e4 avaruudesta ja avaruustoiminnasta aiheutuvat uhat voitaisiin havaita, tunnistaa ja ennakoida. Kansallisen avaruustilannekeskuksen perustaminen mahdollistaa sen, ett\u00e4 Puolustusvoimat ja muut viranomaiset sek\u00e4 yhteiskunnan muut kriittiset toimijat saisivat ajantasaista tilannekuvatietoa sek\u00e4 ennakkovaroituksia avaruudesta ja avaruustoiminnasta maanpinnalle kohdistuvista uhkista.<\/p>\n\n\n\n<p>Hankevalmistelua vet\u00e4nyt ohjausryhm\u00e4 katsoi, ett\u00e4 avaruustilannekuvatuotannon sek\u00e4 siihen liittyv\u00e4n osaamisen ja teknisen kyvykkyyden keskitt\u00e4minen yhteen, monesta kansallisesta toimijasta koostuvaan virtuaaliseen keskukseen olisi kustannuksiltaan ja organisatorisesti tehokkain toteuttamismalli. Ohjausryhm\u00e4 suositti, ett\u00e4 kansallinen avaruustilannekuvan tuotanto keskitett\u00e4isiin kansalliseen Avaruustilannekeskukseen, jonka toiminta olisi mahdollista k\u00e4ynnist\u00e4\u00e4 vuoteen 2026 menness\u00e4.<\/p>\n\n\n\n<h2 class=\"wp-block-heading\">Lis\u00e4tietoa<\/h2>\n\n\n\n<ul class=\"wp-block-list\">\n<li>LVM tiedote (10.10.2024): <a href=\"https:\/\/lvm.fi\/-\/suomeen-perustetaan-avaruustilannekeskus\" data-type=\"link\" data-id=\"https:\/\/lvm.fi\/-\/suomeen-perustetaan-avaruustilannekeskus\" target=\"_blank\" rel=\"noreferrer noopener\">Suomeen perustetaan avaruustilannekeskus<\/a><\/li>\n\n\n\n<li><a href=\"https:\/\/julkaisut.valtioneuvosto.fi\/bitstream\/handle\/10024\/164947\/LVM_2023_6.pdf\" data-type=\"link\" data-id=\"https:\/\/julkaisut.valtioneuvosto.fi\/bitstream\/handle\/10024\/164947\/LVM_2023_6.pdf\" target=\"_blank\" rel=\"noreferrer noopener\">Valtioneuvoston julkaisuarkisto Valto: Kansallisen avaruustilannekeskuksen perustaminen. Hanketta selvitt\u00e4neen ohjausryhm\u00e4n loppuraportti<\/a> [PDF]<\/li>\n<\/ul>\n","protected":false},"excerpt":{"rendered":"<p>Tilannekeskuksen taustaa Yhteiskunnan h\u00e4iri\u00f6t\u00f6n toiminta ja hyvinvointi on enenev\u00e4ss\u00e4 m\u00e4\u00e4rin riippuvaista avaruustoiminnasta ja satelliittiperusteisista palveluista. N\u00e4it\u00e4 ovat esimerkiksi tietoliikenne, aika- ja paikannustieto, s\u00e4\u00e4n ja ymp\u00e4rist\u00f6olosuhteiden seurantaj\u00e4rjestelm\u00e4t sek\u00e4 Puolustusvoimien ja muiden viranomaisten ty\u00f6t\u00e4 tukevat satelliittipalvelut. Avaruustoiminnan turvallisuus- ja puolustuspoliittinen merkitys sek\u00e4 kaupallinen avaruustoiminta kasvavat. Suomi on vastuussa kansallisesta avaruustoiminnastaan. Tilannetietoisuus on edellytys sille, ett\u00e4 avaruudesta ja [&hellip;]<\/p>\n","protected":false},"author":2,"featured_media":0,"parent":0,"menu_order":3,"comment_status":"closed","ping_status":"closed","template":"","meta":{"footnotes":"","_links_to":"","_links_to_target":""},"class_list":["post-45","page","type-page","status-publish","hentry"],"_links":{"self":[{"href":"https:\/\/www.avaruustilanne.fi\/index.php\/wp-json\/wp\/v2\/pages\/45","targetHints":{"allow":["GET"]}}],"collection":[{"href":"https:\/\/www.avaruustilanne.fi\/index.php\/wp-json\/wp\/v2\/pages"}],"about":[{"href":"https:\/\/www.avaruustilanne.fi\/index.php\/wp-json\/wp\/v2\/types\/page"}],"author":[{"embeddable":true,"href":"https:\/\/www.avaruustilanne.fi\/index.php\/wp-json\/wp\/v2\/users\/2"}],"replies":[{"embeddable":true,"href":"https:\/\/www.avaruustilanne.fi\/index.php\/wp-json\/wp\/v2\/comments?post=45"}],"version-history":[{"count":7,"href":"https:\/\/www.avaruustilanne.fi\/index.php\/wp-json\/wp\/v2\/pages\/45\/revisions"}],"predecessor-version":[{"id":356,"href":"https:\/\/www.avaruustilanne.fi\/index.php\/wp-json\/wp\/v2\/pages\/45\/revisions\/356"}],"wp:attachment":[{"href":"https:\/\/www.avaruustilanne.fi\/index.php\/wp-json\/wp\/v2\/media?parent=45"}],"curies":[{"name":"wp","href":"https:\/\/api.w.org\/{rel}","templated":true}]}}