{"id":47,"date":"2024-11-25T10:36:11","date_gmt":"2024-11-25T08:36:11","guid":{"rendered":"https:\/\/www.avaruustilanne.fi\/?page_id=47"},"modified":"2024-12-09T14:49:36","modified_gmt":"2024-12-09T12:49:36","slug":"eu-sst","status":"publish","type":"page","link":"https:\/\/www.avaruustilanne.fi\/index.php\/eu-sst\/","title":{"rendered":"EU SST"},"content":{"rendered":"\n<h2 class=\"wp-block-heading\">Suomi parantaa avaruustilannetietoisuuttaan osallistumalla EU SST -toimintaan<\/h2>\n\n\n\n<p><strong>EU:ssa avaruustilannetietoisuus on katsottu tarpeelliseksi kyvykkyydeksi erityisesti avaruustoiminnan ja avaruusinfrastruktuurin ja kansalaisten suojelemiseksi. EU:n avaruusvalvontaa tuottava toiminto on EU:ssa annettu EU SST -avaruusvalvontaorganisaatiolle (EU Space Surveillance and Tracking Consortium). <\/strong><\/p>\n\n\n\n<figure class=\"wp-block-image is-style-default\"><img decoding=\"async\" src=\"https:\/\/space.fmi.fi\/wp-content\/uploads\/2024\/10\/AdobeStock_293966775_earthobservation-1024x576.png\" alt=\"Photo: Adobe Stock.\"\/><figcaption class=\"wp-element-caption\">Kuva: Adobe Stock.<\/figcaption><\/figure>\n\n\n\n<p>EU SST -sopimusj\u00e4rjestelyn tarkoituksena on tiivist\u00e4\u00e4 eurooppalaista avaruusvalvonnan yhteisty\u00f6t\u00e4. Organisaatio seuraa ja valvoo l\u00e4hiavaruuden kappaleiden liikett\u00e4 ja kiertoratoja sek\u00e4 ennustaa niiden mahdollisia t\u00f6rm\u00e4yksi\u00e4 ja paluuta Maan pinnalle. Suomi liittyi EU SST-sopimusj\u00e4rjestelyyn marraskuussa 2022 ja siit\u00e4 l\u00e4htien Ilmatieteen laitos on toiminut Suomen ensisijaisena kontaktina EU SST:n suuntaan.<\/p>\n\n\n\n<p><a href=\"https:\/\/lvm.fi\/-\/suomeen-perustetaan-avaruustilannekeskus\" target=\"_blank\" rel=\"noreferrer noopener\">EU STT:hen liittyminen oli t\u00e4rke\u00e4 ensiaskel Suomelle kansallisen avaruustilannetietoisuutta lis\u00e4\u00e4v\u00e4n palvelun rakentamiseksi<\/a>. Sen ohella valvontaorganisaatioon liittyminen avaa Suomen kaupallisille toimijoille mahdollisuuksia osallistua Eurooppalaisen SST-j\u00e4rjestelm\u00e4n suunnitteluun ja rakentamiseen.<\/p>\n\n\n\n<p>EU STT julkaisee oman portaalinsa kautta tarjouspyynt\u00f6j\u00e4, joihin my\u00f6s suomalaisyritykset voivat&nbsp;<a href=\"https:\/\/www.eusst.eu\/about-us\/procurement\/\" target=\"_blank\" rel=\"noreferrer noopener\">j\u00e4tt\u00e4\u00e4 tarjouksia joko itsen\u00e4isesti tai osana suurempaa konsortiota<\/a>. Yhdess\u00e4 EU:n komission kanssa EU SST yll\u00e4pit\u00e4\u00e4 kaupallisille toimijoille suunnattua innovaatiofoorumia (European Union Industry and Start-ups Forum on&nbsp;<a href=\"https:\/\/defence-industry-space.ec.europa.eu\/eu-space\/space-traffic-management_en\" target=\"_blank\" rel=\"noreferrer noopener\">STM<\/a>,&nbsp;<a href=\"https:\/\/defence-industry-space.ec.europa.eu\/document\/download\/e399b297-011a-4a7f-b351-42fa3a38b5e0_en?filename=STM%20EISF%20one-pager.pdf\" target=\"_blank\" rel=\"noreferrer noopener\">EISF<\/a>), johon kuuluu yrityksi\u00e4 yli 70 maasta.<\/p>\n\n\n\n<h2 class=\"wp-block-heading\">Lis\u00e4\u00e4 EU SST:st\u00e4 (englanniksi)<\/h2>\n\n\n\n<ul class=\"wp-block-list\">\n<li><a href=\"https:\/\/www.eusst.eu\/\" target=\"_blank\" rel=\"noreferrer noopener\">EU SST \u2013 EU Space Surveillance and Tracking<\/a><\/li>\n\n\n\n<li><a href=\"https:\/\/defence-industry-space.ec.europa.eu\/eu-space\/ssa-europes-eyes-space\/eu-space-surveillance-and-tracking_en\" target=\"_blank\" rel=\"noreferrer noopener\">EU Space Surveillance and Tracking &#8211; European Commission<\/a><\/li>\n\n\n\n<li><a href=\"https:\/\/www.euspa.europa.eu\/eu-space-programme\/ssa\/eu-sst\" target=\"_blank\" rel=\"noreferrer noopener\">EUSPA &#8211; EU Agency for the Space Programme<\/a><\/li>\n\n\n\n<li><a href=\"https:\/\/www.youtube.com\/eusst\" target=\"_blank\" rel=\"noreferrer noopener\">Youtube &#8211; EU SST<\/a><\/li>\n<\/ul>\n\n\n\n<p><\/p>\n","protected":false},"excerpt":{"rendered":"<p>Suomi parantaa avaruustilannetietoisuuttaan osallistumalla EU SST -toimintaan EU:ssa avaruustilannetietoisuus on katsottu tarpeelliseksi kyvykkyydeksi erityisesti avaruustoiminnan ja avaruusinfrastruktuurin ja kansalaisten suojelemiseksi. EU:n avaruusvalvontaa tuottava toiminto on EU:ssa annettu EU SST -avaruusvalvontaorganisaatiolle (EU Space Surveillance and Tracking Consortium). EU SST -sopimusj\u00e4rjestelyn tarkoituksena on tiivist\u00e4\u00e4 eurooppalaista avaruusvalvonnan yhteisty\u00f6t\u00e4. Organisaatio seuraa ja valvoo l\u00e4hiavaruuden kappaleiden liikett\u00e4 ja kiertoratoja sek\u00e4 [&hellip;]<\/p>\n","protected":false},"author":2,"featured_media":0,"parent":0,"menu_order":1,"comment_status":"closed","ping_status":"closed","template":"","meta":{"footnotes":"","_links_to":"","_links_to_target":""},"class_list":["post-47","page","type-page","status-publish","hentry"],"_links":{"self":[{"href":"https:\/\/www.avaruustilanne.fi\/index.php\/wp-json\/wp\/v2\/pages\/47","targetHints":{"allow":["GET"]}}],"collection":[{"href":"https:\/\/www.avaruustilanne.fi\/index.php\/wp-json\/wp\/v2\/pages"}],"about":[{"href":"https:\/\/www.avaruustilanne.fi\/index.php\/wp-json\/wp\/v2\/types\/page"}],"author":[{"embeddable":true,"href":"https:\/\/www.avaruustilanne.fi\/index.php\/wp-json\/wp\/v2\/users\/2"}],"replies":[{"embeddable":true,"href":"https:\/\/www.avaruustilanne.fi\/index.php\/wp-json\/wp\/v2\/comments?post=47"}],"version-history":[{"count":11,"href":"https:\/\/www.avaruustilanne.fi\/index.php\/wp-json\/wp\/v2\/pages\/47\/revisions"}],"predecessor-version":[{"id":274,"href":"https:\/\/www.avaruustilanne.fi\/index.php\/wp-json\/wp\/v2\/pages\/47\/revisions\/274"}],"wp:attachment":[{"href":"https:\/\/www.avaruustilanne.fi\/index.php\/wp-json\/wp\/v2\/media?parent=47"}],"curies":[{"name":"wp","href":"https:\/\/api.w.org\/{rel}","templated":true}]}}