{"id":68,"date":"2024-11-25T12:37:32","date_gmt":"2024-11-25T10:37:32","guid":{"rendered":"https:\/\/www.avaruustilanne.fi\/?page_id=68"},"modified":"2025-01-15T12:41:55","modified_gmt":"2025-01-15T10:41:55","slug":"c-fssac","status":"publish","type":"page","link":"https:\/\/www.avaruustilanne.fi\/index.php\/c-fssac\/","title":{"rendered":"AVATIKE"},"content":{"rendered":"\n<h2 class=\"wp-block-heading\">AVATIKE &#8211; Siviilijohtokeskuksen teht\u00e4v\u00e4nkuva<\/h2>\n\n\n\n<p><strong>Ilmatieteen laitoksen yhteyteen perustetun Avaruustilannekeskuksen (AVATIKE) siviilijohtokeskus vastaa kansallisen avaruustilannekuvan ja siihen liittyvien analyysien jakamisesta muille hallinnonaloille ja viranomaisille sek\u00e4 tarvittavassa m\u00e4\u00e4rin my\u00f6s kriittisen infrastruktuurin toimijoille. <\/strong><\/p>\n\n\n\n<p>\n<img decoding=\"async\" src=\"https:\/\/www.avaruustilanne.fi\/wp-content\/uploads\/2025\/01\/IL-roll-up_avaruustilannekeskus.jpg\" alt=\"avaruustilannekeskus\" style=\"float:right;width:40%;\">\n<\/p>\n\n\n\n<p>Keskus vastaa tulevaisuudessa my\u00f6s keskitetysti yhteiskunnan toiminnan kannalta kriittisten satelliittij\u00e4rjestelmien toiminnan seurannasta ja anta t\u00e4ss\u00e4 teht\u00e4v\u00e4ss\u00e4\u00e4n tarvittaessa kansallisille toimijoille varoituksia j\u00e4rjestelmien palvelutason poikkeamista.<\/p>\n\n\n\n<p><strong>Siviilijohtokeskuksen vastuulla on:<\/strong><\/p>\n\n\n\n<ul class=\"wp-block-list\">\n<li>Vastata kansallisen, mahdollisimman ajantasaisen avaruustilannekuvan tuottamisesta, yll\u00e4pidosta, hallinnoimisesta ja jakamisesta sit\u00e4 tarvitseville suomalaisille toimijoille yhteisty\u00f6ss\u00e4 sotilasjohtokeskuksen kanssa<\/li>\n\n\n\n<li>Johtaa kansallisten avaruustilannekuvaa tuottavien havainnointij\u00e4rjestelmien k\u00e4ytt\u00f6\u00e4;<\/li>\n\n\n\n<li>Tiedottaa tarvittaessa viranomaisia, kriittisen infrastruktuurin toimijoita sek\u00e4 muita kansallisia toimijoita ja v\u00e4est\u00f6\u00e4 avaruudesta tai avaruustoiminnasta johtuvista uhkaavista h\u00e4iri\u00f6- tai vaaratilanteista;<\/li>\n\n\n\n<li>Vastata kansallisena EU SST-yhteyspisteen\u00e4 eurooppalaisesta ja kansainv\u00e4lisest\u00e4 tilannekuvan tiedonvaihdosta ja yhteisty\u00f6st\u00e4 siviilitoimintojen osalta; ja<\/li>\n\n\n\n<li>Vastata tilannekuvan jakamisen edellytt\u00e4mist\u00e4 palvelutaso-, palvelutuote- ja tiedonsiirtoratkaisuista.<\/li>\n<\/ul>\n\n\n\n<p>Kansallisen EU SST-yhteyspisteen vastuulla on toimia eurooppalaisen avaruustilannekuvatiedon kansallisena yhteyspisteen\u00e4 eli kumppanimaiden jakaman tiedon vastaanottajana. Siviilijohtokeskuksen toiminnan edellytt\u00e4m\u00e4t palvelu- ja tiedonsiirtoratkaisut on rakennettu siten, ettei johtokeskukselta saatavien palveluiden hy\u00f6dynt\u00e4minen edellytt\u00e4 k\u00e4ytt\u00e4j\u00e4hallinnonaloilta infrastruktuuri- tai muita investointeja. <\/p>\n\n\n\n<h3 class=\"wp-block-heading\">Maanmittauslaitoksen teht\u00e4v\u00e4nkuva kansallisen avaruustilannekuvan tuotannossa<\/h3>\n\n\n\n<p>Maa- ja mets\u00e4talousministeri\u00f6n alainen Maanmittauslaitos tukee laitoksen muiden teht\u00e4vien lis\u00e4ksi avaruustilannekeskuksen toimintaa tuottamalla kansallista avaruustilannekuvaa hallinnoimillaan l\u00e4hiavaruuden havainnointij\u00e4rjestelmill\u00e4. Maanmittauslaitos hallinnoi Mets\u00e4hovin geodeettista tutkimusasemaa, jonka laserteleskoopinlaitteiston kapasiteettia allokoidaa avaruustilannekeskuksen tarvitseman kansallisen avaruustilannekuvatuotannon k\u00e4ytt\u00f6\u00f6n.<\/p>\n\n\n\n<p>Mets\u00e4hovin tutkimusasema tukee avaruustilannekeskuksen toimintoja laajemmin tulevaisuudessa lis\u00e4ksi my\u00f6s tehokkaammalla niin sanotulla teholaserilla. Maamittauslaitos vastaa Mets\u00e4hovin laserteleskooppiensa hallinnoimisesta ja operoinnista.<\/p>\n","protected":false},"excerpt":{"rendered":"<p>AVATIKE &#8211; Siviilijohtokeskuksen teht\u00e4v\u00e4nkuva Ilmatieteen laitoksen yhteyteen perustetun Avaruustilannekeskuksen (AVATIKE) siviilijohtokeskus vastaa kansallisen avaruustilannekuvan ja siihen liittyvien analyysien jakamisesta muille hallinnonaloille ja viranomaisille sek\u00e4 tarvittavassa m\u00e4\u00e4rin my\u00f6s kriittisen infrastruktuurin toimijoille. Keskus vastaa tulevaisuudessa my\u00f6s keskitetysti yhteiskunnan toiminnan kannalta kriittisten satelliittij\u00e4rjestelmien toiminnan seurannasta ja anta t\u00e4ss\u00e4 teht\u00e4v\u00e4ss\u00e4\u00e4n tarvittaessa kansallisille toimijoille varoituksia j\u00e4rjestelmien palvelutason poikkeamista. Siviilijohtokeskuksen vastuulla [&hellip;]<\/p>\n","protected":false},"author":2,"featured_media":0,"parent":0,"menu_order":3,"comment_status":"closed","ping_status":"closed","template":"","meta":{"footnotes":"","_links_to":"","_links_to_target":""},"class_list":["post-68","page","type-page","status-publish","hentry"],"_links":{"self":[{"href":"https:\/\/www.avaruustilanne.fi\/index.php\/wp-json\/wp\/v2\/pages\/68","targetHints":{"allow":["GET"]}}],"collection":[{"href":"https:\/\/www.avaruustilanne.fi\/index.php\/wp-json\/wp\/v2\/pages"}],"about":[{"href":"https:\/\/www.avaruustilanne.fi\/index.php\/wp-json\/wp\/v2\/types\/page"}],"author":[{"embeddable":true,"href":"https:\/\/www.avaruustilanne.fi\/index.php\/wp-json\/wp\/v2\/users\/2"}],"replies":[{"embeddable":true,"href":"https:\/\/www.avaruustilanne.fi\/index.php\/wp-json\/wp\/v2\/comments?post=68"}],"version-history":[{"count":28,"href":"https:\/\/www.avaruustilanne.fi\/index.php\/wp-json\/wp\/v2\/pages\/68\/revisions"}],"predecessor-version":[{"id":460,"href":"https:\/\/www.avaruustilanne.fi\/index.php\/wp-json\/wp\/v2\/pages\/68\/revisions\/460"}],"wp:attachment":[{"href":"https:\/\/www.avaruustilanne.fi\/index.php\/wp-json\/wp\/v2\/media?parent=68"}],"curies":[{"name":"wp","href":"https:\/\/api.w.org\/{rel}","templated":true}]}}