{"id":722,"date":"2026-01-23T13:32:18","date_gmt":"2026-01-23T11:32:18","guid":{"rendered":"https:\/\/www.avaruustilanne.fi\/?page_id=722"},"modified":"2026-03-20T10:32:18","modified_gmt":"2026-03-20T08:32:18","slug":"muut-kiinnostavat-satelliitit","status":"publish","type":"page","link":"https:\/\/www.avaruustilanne.fi\/index.php\/tilannetieto\/suomalaiset-satelliitit\/muut-kiinnostavat-satelliitit\/","title":{"rendered":"Muut kiinnostavat satelliitit"},"content":{"rendered":"\n<p>T\u00e4ll\u00e4 sivulla on listattu ja esitetty muita kuin Suomen virallisessa avaruusesinerekisteriss\u00e4 olevia satelliitteja tms. Sivu p\u00e4ivitetty 20.3.2026.<\/p>\n\n\n\n<center><script>\nvar norad_n2yo = '66688|WISDOM-A';\nvar size_n2yo = 'medium';\nvar allpasses_n2yo = '0';\nvar map_n2yo = '2';\n<\/script>\n<script type=\"text\/javascript\" src=\"https:\/\/www.n2yo.com\/js\/widget-tracker.js\"><\/script><\/center>\n\n\n\n<p>Voit valita seurattavan satelliitin karttakuvan alla olevasta valikosta, joka aukeaa Select-kohdalla olevasta valikosta. Lis\u00e4ksi sivulla n\u00e4ytet\u00e4\u00e4n, jos ko. satelliitti on n\u00e4kyviss\u00e4 Suomessa (tarkemmin sanottuna havaitsijan paikkakunnalla).<\/p>\n\n\n\n<p>Karttan\u00e4kym\u00e4 ja laskemat perustuvat&nbsp;<a href=\"http:\/\/www.n2yo.com\/\" target=\"_blank\" rel=\"noreferrer noopener\">N2YO.com<\/a>&nbsp;sivuston antamiin tietoihin, laskelmiin ja APIin. Suomalaisten satelliittien tiedot ja p\u00e4ivitykset yll\u00e4pit\u00e4\u00e4&nbsp;<a href=\"https:\/\/avaruusinsinoori.kassiopeia.net\/\" target=\"_blank\" rel=\"noreferrer noopener\">Avaruusinsin\u00f6\u00f6ri-blogi<\/a>.<\/p>\n","protected":false},"excerpt":{"rendered":"<p>T\u00e4ll\u00e4 sivulla on listattu ja esitetty muita kuin Suomen virallisessa avaruusesinerekisteriss\u00e4 olevia satelliitteja tms. Sivu p\u00e4ivitetty 20.3.2026. Voit valita seurattavan satelliitin karttakuvan alla olevasta valikosta, joka aukeaa Select-kohdalla olevasta valikosta. Lis\u00e4ksi sivulla n\u00e4ytet\u00e4\u00e4n, jos ko. satelliitti on n\u00e4kyviss\u00e4 Suomessa (tarkemmin sanottuna havaitsijan paikkakunnalla). Karttan\u00e4kym\u00e4 ja laskemat perustuvat&nbsp;N2YO.com&nbsp;sivuston antamiin tietoihin, laskelmiin ja APIin. Suomalaisten satelliittien tiedot [&hellip;]<\/p>\n","protected":false},"author":2,"featured_media":0,"parent":162,"menu_order":0,"comment_status":"closed","ping_status":"closed","template":"","meta":{"footnotes":"","_links_to":"","_links_to_target":""},"class_list":["post-722","page","type-page","status-publish","hentry"],"_links":{"self":[{"href":"https:\/\/www.avaruustilanne.fi\/index.php\/wp-json\/wp\/v2\/pages\/722","targetHints":{"allow":["GET"]}}],"collection":[{"href":"https:\/\/www.avaruustilanne.fi\/index.php\/wp-json\/wp\/v2\/pages"}],"about":[{"href":"https:\/\/www.avaruustilanne.fi\/index.php\/wp-json\/wp\/v2\/types\/page"}],"author":[{"embeddable":true,"href":"https:\/\/www.avaruustilanne.fi\/index.php\/wp-json\/wp\/v2\/users\/2"}],"replies":[{"embeddable":true,"href":"https:\/\/www.avaruustilanne.fi\/index.php\/wp-json\/wp\/v2\/comments?post=722"}],"version-history":[{"count":6,"href":"https:\/\/www.avaruustilanne.fi\/index.php\/wp-json\/wp\/v2\/pages\/722\/revisions"}],"predecessor-version":[{"id":814,"href":"https:\/\/www.avaruustilanne.fi\/index.php\/wp-json\/wp\/v2\/pages\/722\/revisions\/814"}],"up":[{"embeddable":true,"href":"https:\/\/www.avaruustilanne.fi\/index.php\/wp-json\/wp\/v2\/pages\/162"}],"wp:attachment":[{"href":"https:\/\/www.avaruustilanne.fi\/index.php\/wp-json\/wp\/v2\/media?parent=722"}],"curies":[{"name":"wp","href":"https:\/\/api.w.org\/{rel}","templated":true}]}}