{"id":73,"date":"2024-11-25T12:46:00","date_gmt":"2024-11-25T10:46:00","guid":{"rendered":"https:\/\/www.avaruustilanne.fi\/?page_id=73"},"modified":"2025-01-10T08:27:11","modified_gmt":"2025-01-10T06:27:11","slug":"terminologia","status":"publish","type":"page","link":"https:\/\/www.avaruustilanne.fi\/index.php\/terminologia\/","title":{"rendered":"Sanastoa"},"content":{"rendered":"\n<h2 class=\"wp-block-heading\">Sanastoa<\/h2>\n\n\n\n<p><strong><span style=\"text-decoration: underline;\">Avaruustilannetietoisuudella<\/span><\/strong> tarkoitetaan pyrkimyst\u00e4 muodostaa mahdollisimman ajantasainen kokonaiskuva avaruuden k\u00e4yt\u00f6n tilanteesta. Kehitt\u00e4m\u00e4ll\u00e4 kyvykkyyksi\u00e4 avaruudessa sijaitsevien esineiden tarkkailuun ja ennustamalla avaruuss\u00e4\u00e4n ilmi\u00f6it\u00e4 voidaan pienent\u00e4\u00e4 avaruuden k\u00e4yt\u00f6st\u00e4 sek\u00e4 ihmisille ett\u00e4 omaisuudelle aiheutuvia vahinkoriskej\u00e4.<\/p>\n\n\n\n<p><strong><span style=\"text-decoration: underline;\">Avaruustilannekuva<\/span> <\/strong>on tietty\u00e4 operatiivista k\u00e4ytt\u00f6tarkoitusta varten muodostettu tilannekuva, joka sis\u00e4lt\u00e4\u00e4 tarvittavat elementit tilannetietoisuudesta lis\u00e4ttyn\u00e4 mahdollisilla muilla tietol\u00e4hteill\u00e4. Avaruustilannetietoisuus koostuu useista erilaisista osa-alueista. N\u00e4it\u00e4 osa-alueita ovat seuraavat.<\/p>\n\n\n\n<p><strong><span style=\"text-decoration: underline;\">Avaruusvalvonnalla<\/span><\/strong> (\u2019Space Surveillance and Tracking\u2019 &#8211; SST) tarkoitetaan avaruusesineiden teknist\u00e4 tarkkailua ja seurantaa, joka toteutetaan erilaisilla maanp\u00e4\u00e4llisill\u00e4 sek\u00e4 mahdollisesti avaruudessa sijaitsevilla havainto- ja tilannekuvaj\u00e4rjestelmill\u00e4. Tarkkailu ja seuranta kohdistuvat p\u00e4\u00e4s\u00e4\u00e4nt\u00f6isesti Maan kiertoradalla oleviin avaruusesineisiin (satelliitit ja avaruusromu), mutta on mahdollista seurata my\u00f6s muita esineit\u00e4. Avaruusvalvonnan perustuote on tietokanta, joka sis\u00e4lt\u00e4\u00e4 tietoja avaruusesineist\u00e4. N\u00e4it\u00e4 voivat olla esimerkiksi tunnisteet ja rataparametrit (paikkatieto) sek\u00e4 n\u00e4iden avulla tuotetut kohtaamis-, sirpaloitumis- ja putoamisennusteet.<\/p>\n\n\n\n<p><strong><span style=\"text-decoration: underline;\">Avaruuss\u00e4\u00e4ll\u00e4<\/span><\/strong> (\u2019Space Weather\u2019 &#8211; SWE tai SWX) tarkoitetaan avaruuden olosuhteita, jotka voivat vaikuttaa teknisten j\u00e4rjestelmien suorituskykyyn ja luotettavuuteen tai uhata ihmisten hyvinvointia joko avaruudessa, ilmakeh\u00e4ss\u00e4 tai maan pinnalla. Avaruuss\u00e4\u00e4t\u00e4 aiheuttavat Auringon purkaukset, jotka synnytt\u00e4v\u00e4t nopeita muutoksia Maan l\u00e4hiavaruudessa ja yl\u00e4ilmakeh\u00e4ss\u00e4. N\u00e4iden alueiden (korkeudet 100\u201340 000 km) olosuhteita hallitsevat s\u00e4hk\u00f6magneettisten kenttien ja varattujen hiukkasten vuorovaikutukset.<\/p>\n\n\n\n<p><strong><span style=\"text-decoration: underline;\">Maata l\u00e4hestyvill\u00e4 kappaleilla<\/span> <\/strong>(\u2019Near-Earth Objects\u2019 &#8211; NEO) tarkoitetaan Aurinkoa kiert\u00e4vi\u00e4 Maan l\u00e4hiavaruuden luonnollisia kappaleita (meteoroidit, asteroidit, komeetat), joihin liittyy turvallisuusriski. Tavoitteena on m\u00e4\u00e4ritell\u00e4 kappaleiden radat ja fysikaaliset ominaisuudet mahdollisia varotoimenpiteit\u00e4 varten. Harmittomimmillaan NEO-kappaleet n\u00e4kyv\u00e4t t\u00e4hdenlentoina, mutta \u00e4\u00e4ritapauksissa ne ovat aiheuttaneet merkitt\u00e4v\u00e4\u00e4 alueellista tai jopa maailmanlaajuista tuhoa.<\/p>\n\n\n\n<p><strong><span style=\"text-decoration: underline;\">Sotilaallisen avaruustilannetietoisuuden<\/span><\/strong> perustan muodostaa tunnistettu avaruustilannekuva (\u2019Recognized Space Picture\u2019 &#8211; RSP), joka rakentuu p\u00e4\u00e4osin avaruusvalvonta- ja tiedustelukyvykkyyksille. Siihen sis\u00e4ltyy avaruusesineiden ratatietojen (avaruusvalvonta) lis\u00e4ksi my\u00f6s tietoisuus niiden k\u00e4ytt\u00e4jist\u00e4 ja satelliittien teknisist\u00e4 suorituskyvyist\u00e4 (avaruustiedustelu). Vaikka kiertoratatiedot ovat oleellinen osa tunnistettua avaruustilannekuvaa, lopullinen p\u00e4\u00e4m\u00e4\u00e4r\u00e4 on satelliittien suorituskykyjen mallintaminen oman toiminnan tueksi sek\u00e4 uhka-arvioiksi vastustajan toiminnasta. My\u00f6s avaruuss\u00e4\u00e4n vaikutukset satelliittipalveluihin ovat osa tunnistettua avaruustilannekuvaa, vaikka t\u00e4m\u00e4n merkitys onkin avaruusvalvontaa pienempi. RSP ei keskity pelk\u00e4st\u00e4\u00e4n avaruuteen, vaan siihen kuuluu my\u00f6s maanp\u00e4\u00e4llisi\u00e4 avaruuteen liittyvi\u00e4 kokonaisuuksia, kuten maa-asemien ja vasta-avaruusj\u00e4rjestelmien sijainteja sek\u00e4 suorituskykyj\u00e4.<\/p>\n\n\n\n<p>Avaruustilannetietoisuus liittyy kiinte\u00e4sti my\u00f6s <strong><span style=\"text-decoration: underline;\">avaruusliikenteen ohjaukseen ja koordinointiin<\/span> <\/strong>(\u2019Space Traffic Management\u2019- STM). STM-kyvykkyys rakentuu pitk\u00e4lti SST- ja SWE-kyvykkyyksien varaan. STM-kyvykkyys ei ole kuitenkaan ainoastaan teknist\u00e4 kyvykkyytt\u00e4, vaan sis\u00e4lt\u00e4\u00e4 my\u00f6s esimerkiksi taloudellisia, kaupallisia ja s\u00e4\u00e4ntelyllisi\u00e4 n\u00e4k\u00f6kohtia. STM on vahvasti eurooppalaisella agendalla, koska erityisesti USA on ollut asiassa aloitteellinen (mm. US Space Policy Directive-3). Erilaisia teemaan liittyvi\u00e4 kokonaisvaltaisia hankkeita on pyritty edist\u00e4m\u00e4\u00e4n my\u00f6s kansainv\u00e4listen standardointij\u00e4rjest\u00f6jen kautta (mm. ISO). Suomen n\u00e4kemyksen\u00e4 on, ett\u00e4 kansainv\u00e4linen kokonaisn\u00e4kemys tulisi kuitenkin pyrki\u00e4 muodostamaan YK:ssa, kuten avaruuden rauhanomaisen k\u00e4yt\u00f6n komiteassa (COPUOS) ja turvallisuusulottuvuuden osalta aseidenriisuntakonferenssissa (CD). Euroopan tulisi kuitenkin olla t\u00e4ss\u00e4 kokonaisk\u00e4sityksen ja kyvykkyyksien luomisessa vahvasti mukana ml. poliittiset ja taloudelliset intressit. Avaruusliikenteen ohjaus ja koordinointi ei kuitenkaan voi olla ainoastaan alueellista, vaan toimiakseen sen tulee olla kansainv\u00e4list\u00e4 ja globaalia.<\/p>\n","protected":false},"excerpt":{"rendered":"<p>Sanastoa Avaruustilannetietoisuudella tarkoitetaan pyrkimyst\u00e4 muodostaa mahdollisimman ajantasainen kokonaiskuva avaruuden k\u00e4yt\u00f6n tilanteesta. Kehitt\u00e4m\u00e4ll\u00e4 kyvykkyyksi\u00e4 avaruudessa sijaitsevien esineiden tarkkailuun ja ennustamalla avaruuss\u00e4\u00e4n ilmi\u00f6it\u00e4 voidaan pienent\u00e4\u00e4 avaruuden k\u00e4yt\u00f6st\u00e4 sek\u00e4 ihmisille ett\u00e4 omaisuudelle aiheutuvia vahinkoriskej\u00e4. Avaruustilannekuva on tietty\u00e4 operatiivista k\u00e4ytt\u00f6tarkoitusta varten muodostettu tilannekuva, joka sis\u00e4lt\u00e4\u00e4 tarvittavat elementit tilannetietoisuudesta lis\u00e4ttyn\u00e4 mahdollisilla muilla tietol\u00e4hteill\u00e4. Avaruustilannetietoisuus koostuu useista erilaisista osa-alueista. N\u00e4it\u00e4 osa-alueita [&hellip;]<\/p>\n","protected":false},"author":2,"featured_media":0,"parent":0,"menu_order":7,"comment_status":"closed","ping_status":"closed","template":"","meta":{"footnotes":"","_links_to":"","_links_to_target":""},"class_list":["post-73","page","type-page","status-publish","hentry"],"_links":{"self":[{"href":"https:\/\/www.avaruustilanne.fi\/index.php\/wp-json\/wp\/v2\/pages\/73","targetHints":{"allow":["GET"]}}],"collection":[{"href":"https:\/\/www.avaruustilanne.fi\/index.php\/wp-json\/wp\/v2\/pages"}],"about":[{"href":"https:\/\/www.avaruustilanne.fi\/index.php\/wp-json\/wp\/v2\/types\/page"}],"author":[{"embeddable":true,"href":"https:\/\/www.avaruustilanne.fi\/index.php\/wp-json\/wp\/v2\/users\/2"}],"replies":[{"embeddable":true,"href":"https:\/\/www.avaruustilanne.fi\/index.php\/wp-json\/wp\/v2\/comments?post=73"}],"version-history":[{"count":4,"href":"https:\/\/www.avaruustilanne.fi\/index.php\/wp-json\/wp\/v2\/pages\/73\/revisions"}],"predecessor-version":[{"id":376,"href":"https:\/\/www.avaruustilanne.fi\/index.php\/wp-json\/wp\/v2\/pages\/73\/revisions\/376"}],"wp:attachment":[{"href":"https:\/\/www.avaruustilanne.fi\/index.php\/wp-json\/wp\/v2\/media?parent=73"}],"curies":[{"name":"wp","href":"https:\/\/api.w.org\/{rel}","templated":true}]}}